{"id":11,"date":"2020-11-30T11:38:16","date_gmt":"2020-11-30T10:38:16","guid":{"rendered":"http:\/\/namizzo.cluster030.hosting.ovh.net\/?page_id=11"},"modified":"2023-04-20T11:14:29","modified_gmt":"2023-04-20T09:14:29","slug":"accueil","status":"publish","type":"page","link":"https:\/\/matrice-nature.com\/","title":{"rendered":"Accueil"},"content":{"rendered":"\t\t<div data-elementor-type=\"wp-page\" data-elementor-id=\"11\" class=\"elementor elementor-11\" data-elementor-post-type=\"page\">\n\t\t\t\t\t\t\t\t\t<section class=\"elementor-section elementor-top-section elementor-element elementor-element-016bd2c elementor-section-full_width elementor-section-stretched elementor-section-height-default elementor-section-height-default\" data-id=\"016bd2c\" data-element_type=\"section\" data-settings=\"{&quot;background_background&quot;:&quot;classic&quot;,&quot;stretch_section&quot;:&quot;section-stretched&quot;}\">\n\t\t\t\t\t\t<div class=\"elementor-container elementor-column-gap-default\">\n\t\t\t\t\t<div class=\"elementor-column elementor-col-33 elementor-top-column elementor-element elementor-element-0273e31\" data-id=\"0273e31\" data-element_type=\"column\">\n\t\t\t<div class=\"elementor-widget-wrap\">\n\t\t\t\t\t\t\t\t\t<\/div>\n\t\t<\/div>\n\t\t\t\t<div class=\"elementor-column elementor-col-33 elementor-top-column elementor-element elementor-element-9fcbaa0\" data-id=\"9fcbaa0\" data-element_type=\"column\">\n\t\t\t<div class=\"elementor-widget-wrap elementor-element-populated\">\n\t\t\t\t\t\t\t\t<div class=\"elementor-element elementor-element-d39ca4b elementor-widget elementor-widget-spacer\" data-id=\"d39ca4b\" data-element_type=\"widget\" data-widget_type=\"spacer.default\">\n\t\t\t\t<div class=\"elementor-widget-container\">\n\t\t\t\t\t<div class=\"elementor-spacer\">\n\t\t\t<div class=\"elementor-spacer-inner\"><\/div>\n\t\t<\/div>\n\t\t\t\t<\/div>\n\t\t\t\t<\/div>\n\t\t\t\t<div class=\"elementor-element elementor-element-7b22a71 elementor-widget elementor-widget-heading\" data-id=\"7b22a71\" data-element_type=\"widget\" data-widget_type=\"heading.default\">\n\t\t\t\t<div class=\"elementor-widget-container\">\n\t\t\t<h2 class=\"elementor-heading-title elementor-size-xxl\">Matrice Nature<\/h2>\t\t<\/div>\n\t\t\t\t<\/div>\n\t\t\t\t<div class=\"elementor-element elementor-element-40df53c elementor-widget elementor-widget-text-editor\" data-id=\"40df53c\" data-element_type=\"widget\" data-widget_type=\"text-editor.default\">\n\t\t\t\t<div class=\"elementor-widget-container\">\n\t\t\t\t\t\t\t<p><span style=\"font-size: x-large;\">se d\u00e9cline en 3 gammes de produits.<\/span><\/p><p>L\u2019ensemble de notre gamme s\u2019adresse \u00e0 tous ceux dont l\u2019objectif est de favoriser une sant\u00e9 harmonieuse et durable, pour chaque individu et \u00e0 chaque p\u00e9riode de la vie.<\/p>\t\t\t\t\t\t<\/div>\n\t\t\t\t<\/div>\n\t\t\t\t\t<\/div>\n\t\t<\/div>\n\t\t\t\t<div class=\"elementor-column elementor-col-33 elementor-top-column elementor-element elementor-element-570041b\" data-id=\"570041b\" data-element_type=\"column\">\n\t\t\t<div class=\"elementor-widget-wrap\">\n\t\t\t\t\t\t\t\t\t<\/div>\n\t\t<\/div>\n\t\t\t\t\t\t\t<\/div>\n\t\t<\/section>\n\t\t\t\t<section class=\"elementor-section elementor-top-section elementor-element elementor-element-d2a482c elementor-section-boxed elementor-section-height-default elementor-section-height-default\" data-id=\"d2a482c\" data-element_type=\"section\" data-settings=\"{&quot;background_background&quot;:&quot;classic&quot;}\">\n\t\t\t\t\t\t<div class=\"elementor-container elementor-column-gap-default\">\n\t\t\t\t\t<div class=\"elementor-column elementor-col-33 elementor-top-column elementor-element elementor-element-eefdc1a elementor-invisible\" data-id=\"eefdc1a\" data-element_type=\"column\" data-settings=\"{&quot;animation&quot;:&quot;bounceIn&quot;,&quot;background_background&quot;:&quot;classic&quot;}\">\n\t\t\t<div class=\"elementor-widget-wrap elementor-element-populated\">\n\t\t\t\t\t\t\t\t<div class=\"elementor-element elementor-element-c0be6c6 elementor-invisible elementor-widget elementor-widget-image\" data-id=\"c0be6c6\" data-element_type=\"widget\" data-settings=\"{&quot;_animation&quot;:&quot;rotateIn&quot;}\" data-widget_type=\"image.default\">\n\t\t\t\t<div class=\"elementor-widget-container\">\n\t\t\t\t\t\t\t\t\t\t\t\t\t\t\t\t<a href=\"https:\/\/matrice-nature.com\/?page_id=483\">\n\t\t\t\t\t\t\t<img decoding=\"async\" src=\"https:\/\/i0.wp.com\/matrice-nature.com\/wp-content\/uploads\/2021\/01\/PHYTONUTRIX.png?fit=200%2C200&amp;ssl=1\" title=\"PHYTONUTRIX\" alt=\"PHYTONUTRIX\" loading=\"lazy\" \/>\t\t\t\t\t\t\t\t<\/a>\n\t\t\t\t\t\t\t\t\t\t\t\t\t\t\t<\/div>\n\t\t\t\t<\/div>\n\t\t\t\t<div class=\"elementor-element elementor-element-80f912b elementor-widget elementor-widget-heading\" data-id=\"80f912b\" data-element_type=\"widget\" data-widget_type=\"heading.default\">\n\t\t\t\t<div class=\"elementor-widget-container\">\n\t\t\t<h2 class=\"elementor-heading-title elementor-size-default\"><a href=\"https:\/\/matrice-nature.com\/?page_id=483\">PHYTONUTRIX \u00ae<\/a><\/h2>\t\t<\/div>\n\t\t\t\t<\/div>\n\t\t\t\t<div class=\"elementor-element elementor-element-89fd8ff elementor-widget elementor-widget-text-editor\" data-id=\"89fd8ff\" data-element_type=\"widget\" data-widget_type=\"text-editor.default\">\n\t\t\t\t<div class=\"elementor-widget-container\">\n\t\t\t\t\t\t\t<p>Une gamme de plantes unitaires qui favorisent le bon fonction-nement de votre organisme et qui am\u00e9liorent votre capital sant\u00e9 par syst\u00e8me et par pathologie.<\/p>\t\t\t\t\t\t<\/div>\n\t\t\t\t<\/div>\n\t\t\t\t<div class=\"elementor-element elementor-element-5d96762 elementor-button-info elementor-align-center elementor-widget elementor-widget-button\" data-id=\"5d96762\" data-element_type=\"widget\" data-widget_type=\"button.default\">\n\t\t\t\t<div class=\"elementor-widget-container\">\n\t\t\t\t\t<div class=\"elementor-button-wrapper\">\n\t\t\t<a class=\"elementor-button elementor-button-link elementor-size-xs\" href=\"https:\/\/matrice-nature.com\/?page_id=483\">\n\t\t\t\t\t\t<span class=\"elementor-button-content-wrapper\">\n\t\t\t\t\t\t<span class=\"elementor-button-text\">+ D'infos<\/span>\n\t\t<\/span>\n\t\t\t\t\t<\/a>\n\t\t<\/div>\n\t\t\t\t<\/div>\n\t\t\t\t<\/div>\n\t\t\t\t\t<\/div>\n\t\t<\/div>\n\t\t\t\t<div class=\"elementor-column elementor-col-33 elementor-top-column elementor-element elementor-element-d6d25b3 elementor-invisible\" data-id=\"d6d25b3\" data-element_type=\"column\" data-settings=\"{&quot;background_background&quot;:&quot;classic&quot;,&quot;animation&quot;:&quot;fadeInUp&quot;}\">\n\t\t\t<div class=\"elementor-widget-wrap elementor-element-populated\">\n\t\t\t\t\t\t\t\t<div class=\"elementor-element elementor-element-52aa3b1 elementor-invisible elementor-widget elementor-widget-image\" data-id=\"52aa3b1\" data-element_type=\"widget\" data-settings=\"{&quot;_animation&quot;:&quot;rotateIn&quot;}\" data-widget_type=\"image.default\">\n\t\t\t\t<div class=\"elementor-widget-container\">\n\t\t\t\t\t\t\t\t\t\t\t\t\t\t\t\t<a href=\"https:\/\/matrice-nature.com\/?page_id=493\">\n\t\t\t\t\t\t\t<img decoding=\"async\" src=\"https:\/\/i0.wp.com\/matrice-nature.com\/wp-content\/uploads\/2021\/01\/MICRO-NUTRIX.png?fit=200%2C200&amp;ssl=1\" title=\"MICRO-NUTRIX\" alt=\"MICRO-NUTRIX\" loading=\"lazy\" \/>\t\t\t\t\t\t\t\t<\/a>\n\t\t\t\t\t\t\t\t\t\t\t\t\t\t\t<\/div>\n\t\t\t\t<\/div>\n\t\t\t\t<div class=\"elementor-element elementor-element-de95152 elementor-widget elementor-widget-heading\" data-id=\"de95152\" data-element_type=\"widget\" data-widget_type=\"heading.default\">\n\t\t\t\t<div class=\"elementor-widget-container\">\n\t\t\t<h2 class=\"elementor-heading-title elementor-size-default\"><a href=\"https:\/\/matrice-nature.com\/?page_id=493\">MICRO-NUTRIX \u00ae<\/a><\/h2>\t\t<\/div>\n\t\t\t\t<\/div>\n\t\t\t\t<div class=\"elementor-element elementor-element-3ebee0f elementor-widget elementor-widget-text-editor\" data-id=\"3ebee0f\" data-element_type=\"widget\" data-widget_type=\"text-editor.default\">\n\t\t\t\t<div class=\"elementor-widget-container\">\n\t\t\t\t\t\t\t<p>Une gamme de complexes sp\u00e9cifiques qui soutiennent votre capital sant\u00e9 et visent \u00e0 restaurer vos troubles m\u00e9taboliques.<\/p>\t\t\t\t\t\t<\/div>\n\t\t\t\t<\/div>\n\t\t\t\t<div class=\"elementor-element elementor-element-d5de9f5 elementor-widget elementor-widget-spacer\" data-id=\"d5de9f5\" data-element_type=\"widget\" data-widget_type=\"spacer.default\">\n\t\t\t\t<div class=\"elementor-widget-container\">\n\t\t\t\t\t<div class=\"elementor-spacer\">\n\t\t\t<div class=\"elementor-spacer-inner\"><\/div>\n\t\t<\/div>\n\t\t\t\t<\/div>\n\t\t\t\t<\/div>\n\t\t\t\t<div class=\"elementor-element elementor-element-0668838 elementor-button-info elementor-align-center elementor-widget elementor-widget-button\" data-id=\"0668838\" data-element_type=\"widget\" data-widget_type=\"button.default\">\n\t\t\t\t<div class=\"elementor-widget-container\">\n\t\t\t\t\t<div class=\"elementor-button-wrapper\">\n\t\t\t<a class=\"elementor-button elementor-button-link elementor-size-xs\" href=\"https:\/\/matrice-nature.com\/?page_id=493\">\n\t\t\t\t\t\t<span class=\"elementor-button-content-wrapper\">\n\t\t\t\t\t\t<span class=\"elementor-button-text\">+ D'infos<\/span>\n\t\t<\/span>\n\t\t\t\t\t<\/a>\n\t\t<\/div>\n\t\t\t\t<\/div>\n\t\t\t\t<\/div>\n\t\t\t\t\t<\/div>\n\t\t<\/div>\n\t\t\t\t<div class=\"elementor-column elementor-col-33 elementor-top-column elementor-element elementor-element-7ff84aa\" data-id=\"7ff84aa\" data-element_type=\"column\" data-settings=\"{&quot;background_background&quot;:&quot;classic&quot;}\">\n\t\t\t<div class=\"elementor-widget-wrap elementor-element-populated\">\n\t\t\t\t\t\t\t\t<div class=\"elementor-element elementor-element-b48ccec elementor-invisible elementor-widget elementor-widget-image\" data-id=\"b48ccec\" data-element_type=\"widget\" data-settings=\"{&quot;_animation&quot;:&quot;rotateIn&quot;,&quot;motion_fx_motion_fx_scrolling&quot;:&quot;yes&quot;,&quot;motion_fx_devices&quot;:[&quot;desktop&quot;,&quot;tablet&quot;,&quot;mobile&quot;]}\" data-widget_type=\"image.default\">\n\t\t\t\t<div class=\"elementor-widget-container\">\n\t\t\t\t\t\t\t\t\t\t\t\t\t\t\t\t<a href=\"https:\/\/matrice-nature.com\/?page_id=502\">\n\t\t\t\t\t\t\t<img decoding=\"async\" src=\"https:\/\/i0.wp.com\/matrice-nature.com\/wp-content\/uploads\/2021\/01\/NATURE-NUTRIX.png?fit=200%2C200&amp;ssl=1\" title=\"NATURE-NUTRIX\" alt=\"NATURE-NUTRIX\" loading=\"lazy\" \/>\t\t\t\t\t\t\t\t<\/a>\n\t\t\t\t\t\t\t\t\t\t\t\t\t\t\t<\/div>\n\t\t\t\t<\/div>\n\t\t\t\t<div class=\"elementor-element elementor-element-87a959d elementor-widget elementor-widget-heading\" data-id=\"87a959d\" data-element_type=\"widget\" data-widget_type=\"heading.default\">\n\t\t\t\t<div class=\"elementor-widget-container\">\n\t\t\t<h2 class=\"elementor-heading-title elementor-size-default\"><a href=\"https:\/\/matrice-nature.com\/?page_id=493\">NATURE-NUTRIX \u00ae<\/a><\/h2>\t\t<\/div>\n\t\t\t\t<\/div>\n\t\t\t\t<div class=\"elementor-element elementor-element-6e91602 elementor-widget elementor-widget-text-editor\" data-id=\"6e91602\" data-element_type=\"widget\" data-widget_type=\"text-editor.default\">\n\t\t\t\t<div class=\"elementor-widget-container\">\n\t\t\t\t\t\t\t<p>Une gamme de complexe d&rsquo;extraits fluides de plantes fra\u00eeches et de plantes unitaires qui visent \u00e0 entretenir votre capital sant\u00e9 \u00e0 chaque p\u00e9riode de votre vie.<\/p>\t\t\t\t\t\t<\/div>\n\t\t\t\t<\/div>\n\t\t\t\t<div class=\"elementor-element elementor-element-215e414 elementor-button-info elementor-align-center elementor-widget elementor-widget-button\" data-id=\"215e414\" data-element_type=\"widget\" data-widget_type=\"button.default\">\n\t\t\t\t<div class=\"elementor-widget-container\">\n\t\t\t\t\t<div class=\"elementor-button-wrapper\">\n\t\t\t<a class=\"elementor-button elementor-button-link elementor-size-xs\" href=\"https:\/\/matrice-nature.com\/?page_id=502\">\n\t\t\t\t\t\t<span class=\"elementor-button-content-wrapper\">\n\t\t\t\t\t\t<span class=\"elementor-button-text\">+ D'infos<\/span>\n\t\t<\/span>\n\t\t\t\t\t<\/a>\n\t\t<\/div>\n\t\t\t\t<\/div>\n\t\t\t\t<\/div>\n\t\t\t\t\t<\/div>\n\t\t<\/div>\n\t\t\t\t\t\t\t<\/div>\n\t\t<\/section>\n\t\t\t\t<section class=\"elementor-section elementor-top-section elementor-element elementor-element-ac79d82 elementor-section-full_width elementor-section-stretched elementor-section-height-default elementor-section-height-default\" data-id=\"ac79d82\" data-element_type=\"section\" data-settings=\"{&quot;stretch_section&quot;:&quot;section-stretched&quot;,&quot;background_background&quot;:&quot;classic&quot;}\">\n\t\t\t\t\t\t<div class=\"elementor-container elementor-column-gap-default\">\n\t\t\t\t\t<div class=\"elementor-column elementor-col-33 elementor-top-column elementor-element elementor-element-6b6d674\" data-id=\"6b6d674\" data-element_type=\"column\">\n\t\t\t<div class=\"elementor-widget-wrap\">\n\t\t\t\t\t\t\t\t\t<\/div>\n\t\t<\/div>\n\t\t\t\t<div class=\"elementor-column elementor-col-33 elementor-top-column elementor-element elementor-element-76ed191\" data-id=\"76ed191\" data-element_type=\"column\">\n\t\t\t<div class=\"elementor-widget-wrap elementor-element-populated\">\n\t\t\t\t\t\t\t\t<div class=\"elementor-element elementor-element-38cf50d elementor-widget elementor-widget-spacer\" data-id=\"38cf50d\" data-element_type=\"widget\" data-widget_type=\"spacer.default\">\n\t\t\t\t<div class=\"elementor-widget-container\">\n\t\t\t\t\t<div class=\"elementor-spacer\">\n\t\t\t<div class=\"elementor-spacer-inner\"><\/div>\n\t\t<\/div>\n\t\t\t\t<\/div>\n\t\t\t\t<\/div>\n\t\t\t\t<div class=\"elementor-element elementor-element-5680c77 elementor-widget elementor-widget-heading\" data-id=\"5680c77\" data-element_type=\"widget\" data-widget_type=\"heading.default\">\n\t\t\t\t<div class=\"elementor-widget-container\">\n\t\t\t<h1 class=\"elementor-heading-title elementor-size-xl\">QUESTIONNAIRES <br>DE SANT\u00c9 MATRICE NATURE<\/h1>\t\t<\/div>\n\t\t\t\t<\/div>\n\t\t\t\t<div class=\"elementor-element elementor-element-5401a09 animated-slow elementor-invisible elementor-widget elementor-widget-image\" data-id=\"5401a09\" data-element_type=\"widget\" data-settings=\"{&quot;_animation&quot;:&quot;rotateIn&quot;}\" data-widget_type=\"image.default\">\n\t\t\t\t<div class=\"elementor-widget-container\">\n\t\t\t\t\t\t\t\t\t\t\t\t\t\t\t\t<a href=\"https:\/\/matrice-nature.com\/?page_id=875\">\n\t\t\t\t\t\t\t<img decoding=\"async\" src=\"https:\/\/i0.wp.com\/matrice-nature.com\/wp-content\/uploads\/2021\/01\/questionnaires-boutons.png?fit=200%2C200&amp;ssl=1\" title=\"questionnaires-boutons\" alt=\"questionnaires-boutons\" loading=\"lazy\" \/>\t\t\t\t\t\t\t\t<\/a>\n\t\t\t\t\t\t\t\t\t\t\t\t\t\t\t<\/div>\n\t\t\t\t<\/div>\n\t\t\t\t\t<\/div>\n\t\t<\/div>\n\t\t\t\t<div class=\"elementor-column elementor-col-33 elementor-top-column elementor-element elementor-element-27d8a60\" data-id=\"27d8a60\" data-element_type=\"column\">\n\t\t\t<div class=\"elementor-widget-wrap\">\n\t\t\t\t\t\t\t\t\t<\/div>\n\t\t<\/div>\n\t\t\t\t\t\t\t<\/div>\n\t\t<\/section>\n\t\t\t\t<section class=\"elementor-section elementor-top-section elementor-element elementor-element-3244781 elementor-section-boxed elementor-section-height-default elementor-section-height-default\" data-id=\"3244781\" data-element_type=\"section\" data-settings=\"{&quot;background_background&quot;:&quot;classic&quot;,&quot;shape_divider_bottom&quot;:&quot;opacity-fan&quot;}\">\n\t\t\t\t\t<div class=\"elementor-shape elementor-shape-bottom\" data-negative=\"false\">\n\t\t\t<svg xmlns=\"http:\/\/www.w3.org\/2000\/svg\" viewBox=\"0 0 283.5 19.6\" preserveAspectRatio=\"none\">\n\t<path class=\"elementor-shape-fill\" style=\"opacity:0.33\" d=\"M0 0L0 18.8 141.8 4.1 283.5 18.8 283.5 0z\"\/>\n\t<path class=\"elementor-shape-fill\" style=\"opacity:0.33\" d=\"M0 0L0 12.6 141.8 4 283.5 12.6 283.5 0z\"\/>\n\t<path class=\"elementor-shape-fill\" style=\"opacity:0.33\" d=\"M0 0L0 6.4 141.8 4 283.5 6.4 283.5 0z\"\/>\n\t<path class=\"elementor-shape-fill\" d=\"M0 0L0 1.2 141.8 4 283.5 1.2 283.5 0z\"\/>\n<\/svg>\t\t<\/div>\n\t\t\t\t\t<div class=\"elementor-container elementor-column-gap-default\">\n\t\t\t\t\t<div class=\"elementor-column elementor-col-33 elementor-top-column elementor-element elementor-element-7658201\" data-id=\"7658201\" data-element_type=\"column\">\n\t\t\t<div class=\"elementor-widget-wrap\">\n\t\t\t\t\t\t\t\t\t<\/div>\n\t\t<\/div>\n\t\t\t\t<div class=\"elementor-column elementor-col-33 elementor-top-column elementor-element elementor-element-12e1264\" data-id=\"12e1264\" data-element_type=\"column\">\n\t\t\t<div class=\"elementor-widget-wrap elementor-element-populated\">\n\t\t\t\t\t\t\t\t<div class=\"elementor-element elementor-element-ad88064 elementor-widget elementor-widget-spacer\" data-id=\"ad88064\" data-element_type=\"widget\" data-widget_type=\"spacer.default\">\n\t\t\t\t<div class=\"elementor-widget-container\">\n\t\t\t\t\t<div class=\"elementor-spacer\">\n\t\t\t<div class=\"elementor-spacer-inner\"><\/div>\n\t\t<\/div>\n\t\t\t\t<\/div>\n\t\t\t\t<\/div>\n\t\t\t\t\t<\/div>\n\t\t<\/div>\n\t\t\t\t<div class=\"elementor-column elementor-col-33 elementor-top-column elementor-element elementor-element-2701a57\" data-id=\"2701a57\" data-element_type=\"column\">\n\t\t\t<div class=\"elementor-widget-wrap\">\n\t\t\t\t\t\t\t\t\t<\/div>\n\t\t<\/div>\n\t\t\t\t\t\t\t<\/div>\n\t\t<\/section>\n\t\t\t\t\t\t\t<\/div>\n\t\t","protected":false},"excerpt":{"rendered":"<p>Matrice Nature se d\u00e9cline en 3 gammes de produits. L\u2019ensemble de notre gamme s\u2019adresse \u00e0 tous ceux dont l\u2019objectif est de favoriser une sant\u00e9 harmonieuse et durable, pour chaque individu et \u00e0 chaque p\u00e9riode de la vie. PHYTONUTRIX \u00ae Une gamme de plantes unitaires qui favorisent le bon fonction-nement de votre organisme et qui am\u00e9liorent &hellip; <\/p>\n<p class=\"link-more\"><a href=\"https:\/\/matrice-nature.com\/\" class=\"more-link\">Continuer la lecture<span class=\"screen-reader-text\"> de &laquo;&nbsp;Accueil&nbsp;&raquo;<\/span><\/a><\/p>\n","protected":false},"author":1,"featured_media":0,"parent":0,"menu_order":0,"comment_status":"closed","ping_status":"closed","template":"","meta":[],"yoast_head":"<!-- This site is optimized with the Yoast SEO plugin v21.0 - https:\/\/yoast.com\/wordpress\/plugins\/seo\/ -->\n<title>Accueil - Matrice-Nature<\/title>\n<meta name=\"description\" content=\"L\u2019objectif est de favoriser une sant\u00e9 harmonieuse et durable, pour chaque individu et \u00e0 chaque p\u00e9riode de la vie.\" \/>\n<meta name=\"robots\" content=\"index, follow, max-snippet:-1, max-image-preview:large, max-video-preview:-1\" \/>\n<link rel=\"canonical\" href=\"https:\/\/matrice-nature.com\/\" \/>\n<meta property=\"og:locale\" content=\"fr_FR\" \/>\n<meta property=\"og:type\" content=\"article\" \/>\n<meta property=\"og:title\" content=\"Accueil - Matrice-Nature\" \/>\n<meta property=\"og:description\" content=\"L\u2019objectif est de favoriser une sant\u00e9 harmonieuse et durable, pour chaque individu et \u00e0 chaque p\u00e9riode de la vie.\" \/>\n<meta property=\"og:url\" content=\"https:\/\/matrice-nature.com\/\" \/>\n<meta property=\"og:site_name\" content=\"Matrice-Nature\" \/>\n<meta property=\"article:modified_time\" content=\"2023-04-20T09:14:29+00:00\" \/>\n<meta property=\"og:image\" content=\"https:\/\/matrice-nature.com\/wp-content\/uploads\/elementor\/thumbs\/PHYTONUTRIX-p17mqksxsrm9mgyo8dybp1wx54g62n3meoddwe4t00.png\" \/>\n<meta name=\"twitter:card\" content=\"summary_large_image\" \/>\n<meta name=\"twitter:label1\" content=\"Dur\u00e9e de lecture estim\u00e9e\" \/>\n\t<meta name=\"twitter:data1\" content=\"2 minutes\" \/>\n<script type=\"application\/ld+json\" class=\"yoast-schema-graph\">{\"@context\":\"https:\/\/schema.org\",\"@graph\":[{\"@type\":\"WebPage\",\"@id\":\"https:\/\/matrice-nature.com\/\",\"url\":\"https:\/\/matrice-nature.com\/\",\"name\":\"Accueil - Matrice-Nature\",\"isPartOf\":{\"@id\":\"https:\/\/matrice-nature.com\/#website\"},\"datePublished\":\"2020-11-30T10:38:16+00:00\",\"dateModified\":\"2023-04-20T09:14:29+00:00\",\"description\":\"L\u2019objectif est de favoriser une sant\u00e9 harmonieuse et durable, pour chaque individu et \u00e0 chaque p\u00e9riode de la vie.\",\"breadcrumb\":{\"@id\":\"https:\/\/matrice-nature.com\/#breadcrumb\"},\"inLanguage\":\"fr-FR\",\"potentialAction\":[{\"@type\":\"ReadAction\",\"target\":[\"https:\/\/matrice-nature.com\/\"]}]},{\"@type\":\"BreadcrumbList\",\"@id\":\"https:\/\/matrice-nature.com\/#breadcrumb\",\"itemListElement\":[{\"@type\":\"ListItem\",\"position\":1,\"name\":\"Accueil\",\"item\":\"https:\/\/matrice-nature.com\/\"},{\"@type\":\"ListItem\",\"position\":2,\"name\":\"Accueil\"}]},{\"@type\":\"WebSite\",\"@id\":\"https:\/\/matrice-nature.com\/#website\",\"url\":\"https:\/\/matrice-nature.com\/\",\"name\":\"Matrice-Nature\",\"description\":\"\",\"publisher\":{\"@id\":\"https:\/\/matrice-nature.com\/#organization\"},\"potentialAction\":[{\"@type\":\"SearchAction\",\"target\":{\"@type\":\"EntryPoint\",\"urlTemplate\":\"https:\/\/matrice-nature.com\/?s={search_term_string}\"},\"query-input\":\"required name=search_term_string\"}],\"inLanguage\":\"fr-FR\"},{\"@type\":\"Organization\",\"@id\":\"https:\/\/matrice-nature.com\/#organization\",\"name\":\"Matrice-Nature\",\"url\":\"https:\/\/matrice-nature.com\/\",\"logo\":{\"@type\":\"ImageObject\",\"inLanguage\":\"fr-FR\",\"@id\":\"https:\/\/matrice-nature.com\/#\/schema\/logo\/image\/\",\"url\":\"https:\/\/i0.wp.com\/matrice-nature.com\/wp-content\/uploads\/2021\/01\/icone.png?fit=512%2C512&ssl=1\",\"contentUrl\":\"https:\/\/i0.wp.com\/matrice-nature.com\/wp-content\/uploads\/2021\/01\/icone.png?fit=512%2C512&ssl=1\",\"width\":512,\"height\":512,\"caption\":\"Matrice-Nature\"},\"image\":{\"@id\":\"https:\/\/matrice-nature.com\/#\/schema\/logo\/image\/\"}}]}<\/script>\n<!-- \/ Yoast SEO plugin. -->","yoast_head_json":{"title":"Accueil - Matrice-Nature","description":"L\u2019objectif est de favoriser une sant\u00e9 harmonieuse et durable, pour chaque individu et \u00e0 chaque p\u00e9riode de la vie.","robots":{"index":"index","follow":"follow","max-snippet":"max-snippet:-1","max-image-preview":"max-image-preview:large","max-video-preview":"max-video-preview:-1"},"canonical":"https:\/\/matrice-nature.com\/","og_locale":"fr_FR","og_type":"article","og_title":"Accueil - Matrice-Nature","og_description":"L\u2019objectif est de favoriser une sant\u00e9 harmonieuse et durable, pour chaque individu et \u00e0 chaque p\u00e9riode de la vie.","og_url":"https:\/\/matrice-nature.com\/","og_site_name":"Matrice-Nature","article_modified_time":"2023-04-20T09:14:29+00:00","og_image":[{"url":"https:\/\/matrice-nature.com\/wp-content\/uploads\/elementor\/thumbs\/PHYTONUTRIX-p17mqksxsrm9mgyo8dybp1wx54g62n3meoddwe4t00.png"}],"twitter_card":"summary_large_image","twitter_misc":{"Dur\u00e9e de lecture estim\u00e9e":"2 minutes"},"schema":{"@context":"https:\/\/schema.org","@graph":[{"@type":"WebPage","@id":"https:\/\/matrice-nature.com\/","url":"https:\/\/matrice-nature.com\/","name":"Accueil - Matrice-Nature","isPartOf":{"@id":"https:\/\/matrice-nature.com\/#website"},"datePublished":"2020-11-30T10:38:16+00:00","dateModified":"2023-04-20T09:14:29+00:00","description":"L\u2019objectif est de favoriser une sant\u00e9 harmonieuse et durable, pour chaque individu et \u00e0 chaque p\u00e9riode de la vie.","breadcrumb":{"@id":"https:\/\/matrice-nature.com\/#breadcrumb"},"inLanguage":"fr-FR","potentialAction":[{"@type":"ReadAction","target":["https:\/\/matrice-nature.com\/"]}]},{"@type":"BreadcrumbList","@id":"https:\/\/matrice-nature.com\/#breadcrumb","itemListElement":[{"@type":"ListItem","position":1,"name":"Accueil","item":"https:\/\/matrice-nature.com\/"},{"@type":"ListItem","position":2,"name":"Accueil"}]},{"@type":"WebSite","@id":"https:\/\/matrice-nature.com\/#website","url":"https:\/\/matrice-nature.com\/","name":"Matrice-Nature","description":"","publisher":{"@id":"https:\/\/matrice-nature.com\/#organization"},"potentialAction":[{"@type":"SearchAction","target":{"@type":"EntryPoint","urlTemplate":"https:\/\/matrice-nature.com\/?s={search_term_string}"},"query-input":"required name=search_term_string"}],"inLanguage":"fr-FR"},{"@type":"Organization","@id":"https:\/\/matrice-nature.com\/#organization","name":"Matrice-Nature","url":"https:\/\/matrice-nature.com\/","logo":{"@type":"ImageObject","inLanguage":"fr-FR","@id":"https:\/\/matrice-nature.com\/#\/schema\/logo\/image\/","url":"https:\/\/i0.wp.com\/matrice-nature.com\/wp-content\/uploads\/2021\/01\/icone.png?fit=512%2C512&ssl=1","contentUrl":"https:\/\/i0.wp.com\/matrice-nature.com\/wp-content\/uploads\/2021\/01\/icone.png?fit=512%2C512&ssl=1","width":512,"height":512,"caption":"Matrice-Nature"},"image":{"@id":"https:\/\/matrice-nature.com\/#\/schema\/logo\/image\/"}}]}},"_links":{"self":[{"href":"https:\/\/matrice-nature.com\/index.php?rest_route=\/wp\/v2\/pages\/11"}],"collection":[{"href":"https:\/\/matrice-nature.com\/index.php?rest_route=\/wp\/v2\/pages"}],"about":[{"href":"https:\/\/matrice-nature.com\/index.php?rest_route=\/wp\/v2\/types\/page"}],"author":[{"embeddable":true,"href":"https:\/\/matrice-nature.com\/index.php?rest_route=\/wp\/v2\/users\/1"}],"replies":[{"embeddable":true,"href":"https:\/\/matrice-nature.com\/index.php?rest_route=%2Fwp%2Fv2%2Fcomments&post=11"}],"version-history":[{"count":149,"href":"https:\/\/matrice-nature.com\/index.php?rest_route=\/wp\/v2\/pages\/11\/revisions"}],"predecessor-version":[{"id":1688,"href":"https:\/\/matrice-nature.com\/index.php?rest_route=\/wp\/v2\/pages\/11\/revisions\/1688"}],"wp:attachment":[{"href":"https:\/\/matrice-nature.com\/index.php?rest_route=%2Fwp%2Fv2%2Fmedia&parent=11"}],"curies":[{"name":"wp","href":"https:\/\/api.w.org\/{rel}","templated":true}]}}