{"id":12,"date":"2020-11-30T11:38:17","date_gmt":"2020-11-30T10:38:17","guid":{"rendered":"http:\/\/namizzo.cluster030.hosting.ovh.net\/?page_id=12"},"modified":"2022-09-13T15:55:42","modified_gmt":"2022-09-13T13:55:42","slug":"a-propos-de","status":"publish","type":"page","link":"https:\/\/matrice-nature.com\/?page_id=12","title":{"rendered":"Devenez distributeur"},"content":{"rendered":"\t\t<div data-elementor-type=\"wp-page\" data-elementor-id=\"12\" class=\"elementor elementor-12\" data-elementor-post-type=\"page\">\n\t\t\t\t\t\t\t\t\t<section class=\"elementor-section elementor-top-section elementor-element elementor-element-f866357 elementor-section-boxed elementor-section-height-default elementor-section-height-default\" data-id=\"f866357\" data-element_type=\"section\">\n\t\t\t\t\t\t<div class=\"elementor-container elementor-column-gap-default\">\n\t\t\t\t\t<div class=\"elementor-column elementor-col-33 elementor-top-column elementor-element elementor-element-5ea3b32\" data-id=\"5ea3b32\" data-element_type=\"column\">\n\t\t\t<div class=\"elementor-widget-wrap\">\n\t\t\t\t\t\t\t\t\t<\/div>\n\t\t<\/div>\n\t\t\t\t<div class=\"elementor-column elementor-col-33 elementor-top-column elementor-element elementor-element-e98272c\" data-id=\"e98272c\" data-element_type=\"column\">\n\t\t\t<div class=\"elementor-widget-wrap elementor-element-populated\">\n\t\t\t\t\t\t\t\t<div class=\"elementor-element elementor-element-7f0b15c elementor-widget elementor-widget-spacer\" data-id=\"7f0b15c\" data-element_type=\"widget\" data-widget_type=\"spacer.default\">\n\t\t\t\t<div class=\"elementor-widget-container\">\n\t\t\t\t\t<div class=\"elementor-spacer\">\n\t\t\t<div class=\"elementor-spacer-inner\"><\/div>\n\t\t<\/div>\n\t\t\t\t<\/div>\n\t\t\t\t<\/div>\n\t\t\t\t<div class=\"elementor-element elementor-element-ff449c9 elementor-widget elementor-widget-heading\" data-id=\"ff449c9\" data-element_type=\"widget\" data-widget_type=\"heading.default\">\n\t\t\t\t<div class=\"elementor-widget-container\">\n\t\t\t<h1 class=\"elementor-heading-title elementor-size-xxl\">Devenez distributeur<\/h1>\t\t<\/div>\n\t\t\t\t<\/div>\n\t\t\t\t<div class=\"elementor-element elementor-element-30e2325 elementor-widget elementor-widget-text-editor\" data-id=\"30e2325\" data-element_type=\"widget\" data-widget_type=\"text-editor.default\">\n\t\t\t\t<div class=\"elementor-widget-container\">\n\t\t\t\t\t\t\t<div>Ces gammes sont diffus\u00e9es aupr\u00e8s des th\u00e9rapeutes et magasins bio\/di\u00e9t\u00e9tiques.<\/div><div>Si vous souhaitez rejoindre notre \u00e9quipe, merci de compl\u00e9ter <span style=\"color: #99cc00;\"><a style=\"color: #99cc00;\" href=\"https:\/\/matrice-nature.com\/?page_id=13\">le questionnaire de contact<\/a><\/span> dans le pr\u00e9sent site avec l&rsquo;expression de votre motivation.<\/div><div>Nous vous r\u00e9pondrons dans les plus brefs d\u00e9lais.<\/div>\t\t\t\t\t\t<\/div>\n\t\t\t\t<\/div>\n\t\t\t\t<div class=\"elementor-element elementor-element-16c9634 animated-slow elementor-invisible elementor-widget elementor-widget-image\" data-id=\"16c9634\" data-element_type=\"widget\" data-settings=\"{&quot;_animation&quot;:&quot;swing&quot;}\" data-widget_type=\"image.default\">\n\t\t\t\t<div class=\"elementor-widget-container\">\n\t\t\t\t\t\t\t\t\t\t\t\t\t\t\t<img decoding=\"async\" width=\"525\" height=\"350\" src=\"https:\/\/i0.wp.com\/matrice-nature.com\/wp-content\/uploads\/2021\/01\/alternative-medicine-herbal-organic-capsule-with-vitamin-e-omega-3-fish-oil1-1-scaled.jpg?fit=525%2C350&amp;ssl=1\" class=\"attachment-large size-large wp-image-476\" alt=\"\" loading=\"lazy\" srcset=\"https:\/\/i0.wp.com\/matrice-nature.com\/wp-content\/uploads\/2021\/01\/alternative-medicine-herbal-organic-capsule-with-vitamin-e-omega-3-fish-oil1-1-scaled.jpg?w=2560&amp;ssl=1 2560w, https:\/\/i0.wp.com\/matrice-nature.com\/wp-content\/uploads\/2021\/01\/alternative-medicine-herbal-organic-capsule-with-vitamin-e-omega-3-fish-oil1-1-scaled.jpg?resize=300%2C200&amp;ssl=1 300w, https:\/\/i0.wp.com\/matrice-nature.com\/wp-content\/uploads\/2021\/01\/alternative-medicine-herbal-organic-capsule-with-vitamin-e-omega-3-fish-oil1-1-scaled.jpg?resize=1024%2C683&amp;ssl=1 1024w, https:\/\/i0.wp.com\/matrice-nature.com\/wp-content\/uploads\/2021\/01\/alternative-medicine-herbal-organic-capsule-with-vitamin-e-omega-3-fish-oil1-1-scaled.jpg?resize=768%2C512&amp;ssl=1 768w, https:\/\/i0.wp.com\/matrice-nature.com\/wp-content\/uploads\/2021\/01\/alternative-medicine-herbal-organic-capsule-with-vitamin-e-omega-3-fish-oil1-1-scaled.jpg?resize=1536%2C1024&amp;ssl=1 1536w, https:\/\/i0.wp.com\/matrice-nature.com\/wp-content\/uploads\/2021\/01\/alternative-medicine-herbal-organic-capsule-with-vitamin-e-omega-3-fish-oil1-1-scaled.jpg?resize=2048%2C1365&amp;ssl=1 2048w\" sizes=\"100vw\" \/>\t\t\t\t\t\t\t\t\t\t\t\t\t\t\t<\/div>\n\t\t\t\t<\/div>\n\t\t\t\t<div class=\"elementor-element elementor-element-edd6c56 elementor-widget elementor-widget-image\" data-id=\"edd6c56\" data-element_type=\"widget\" data-widget_type=\"image.default\">\n\t\t\t\t<div class=\"elementor-widget-container\">\n\t\t\t\t\t\t\t\t\t\t\t\t\t\t\t<img decoding=\"async\" width=\"525\" height=\"259\" src=\"https:\/\/i0.wp.com\/matrice-nature.com\/wp-content\/uploads\/2020\/12\/bas.png?fit=525%2C259&amp;ssl=1\" class=\"attachment-large size-large wp-image-225\" alt=\"\" loading=\"lazy\" srcset=\"https:\/\/i0.wp.com\/matrice-nature.com\/wp-content\/uploads\/2020\/12\/bas.png?w=806&amp;ssl=1 806w, https:\/\/i0.wp.com\/matrice-nature.com\/wp-content\/uploads\/2020\/12\/bas.png?resize=300%2C148&amp;ssl=1 300w, https:\/\/i0.wp.com\/matrice-nature.com\/wp-content\/uploads\/2020\/12\/bas.png?resize=768%2C379&amp;ssl=1 768w, https:\/\/i0.wp.com\/matrice-nature.com\/wp-content\/uploads\/2020\/12\/bas.png?resize=122%2C60&amp;ssl=1 122w\" sizes=\"100vw\" \/>\t\t\t\t\t\t\t\t\t\t\t\t\t\t\t<\/div>\n\t\t\t\t<\/div>\n\t\t\t\t\t<\/div>\n\t\t<\/div>\n\t\t\t\t<div class=\"elementor-column elementor-col-33 elementor-top-column elementor-element elementor-element-1d51439\" data-id=\"1d51439\" data-element_type=\"column\">\n\t\t\t<div class=\"elementor-widget-wrap\">\n\t\t\t\t\t\t\t\t\t<\/div>\n\t\t<\/div>\n\t\t\t\t\t\t\t<\/div>\n\t\t<\/section>\n\t\t\t\t\t\t\t<\/div>\n\t\t","protected":false},"excerpt":{"rendered":"<p>Devenez distributeur Ces gammes sont diffus\u00e9es aupr\u00e8s des th\u00e9rapeutes et magasins bio\/di\u00e9t\u00e9tiques.Si vous souhaitez rejoindre notre \u00e9quipe, merci de compl\u00e9ter le questionnaire de contact dans le pr\u00e9sent site avec l&rsquo;expression de votre motivation.Nous vous r\u00e9pondrons dans les plus brefs d\u00e9lais.<\/p>\n","protected":false},"author":1,"featured_media":0,"parent":0,"menu_order":0,"comment_status":"closed","ping_status":"closed","template":"","meta":[],"yoast_head":"<!-- This site is optimized with the Yoast SEO plugin v21.0 - https:\/\/yoast.com\/wordpress\/plugins\/seo\/ -->\n<title>Devenez distributeur - Matrice-Nature<\/title>\n<meta name=\"description\" content=\"Ces gammes sont diffus\u00e9es aupr\u00e8s des th\u00e9rapeutes et magasins bio\/di\u00e9t\u00e9tiques. Si vous souhaitez rejoindre notre \u00e9quipe.\" \/>\n<meta name=\"robots\" content=\"index, follow, max-snippet:-1, max-image-preview:large, max-video-preview:-1\" \/>\n<link rel=\"canonical\" href=\"https:\/\/matrice-nature.com\/?page_id=12\" \/>\n<meta property=\"og:locale\" content=\"fr_FR\" \/>\n<meta property=\"og:type\" content=\"article\" \/>\n<meta property=\"og:title\" content=\"Devenez distributeur - Matrice-Nature\" \/>\n<meta property=\"og:description\" content=\"Ces gammes sont diffus\u00e9es aupr\u00e8s des th\u00e9rapeutes et magasins bio\/di\u00e9t\u00e9tiques. Si vous souhaitez rejoindre notre \u00e9quipe.\" \/>\n<meta property=\"og:url\" content=\"https:\/\/matrice-nature.com\/?page_id=12\" \/>\n<meta property=\"og:site_name\" content=\"Matrice-Nature\" \/>\n<meta property=\"article:modified_time\" content=\"2022-09-13T13:55:42+00:00\" \/>\n<meta property=\"og:image\" content=\"https:\/\/matrice-nature.com\/wp-content\/uploads\/2021\/01\/alternative-medicine-herbal-organic-capsule-with-vitamin-e-omega-3-fish-oil1-1-1024x683.jpg\" \/>\n<meta name=\"twitter:card\" content=\"summary_large_image\" \/>\n<meta name=\"twitter:label1\" content=\"Dur\u00e9e de lecture estim\u00e9e\" \/>\n\t<meta name=\"twitter:data1\" content=\"1 minute\" \/>\n<script type=\"application\/ld+json\" class=\"yoast-schema-graph\">{\"@context\":\"https:\/\/schema.org\",\"@graph\":[{\"@type\":\"WebPage\",\"@id\":\"https:\/\/matrice-nature.com\/?page_id=12\",\"url\":\"https:\/\/matrice-nature.com\/?page_id=12\",\"name\":\"Devenez distributeur - Matrice-Nature\",\"isPartOf\":{\"@id\":\"https:\/\/matrice-nature.com\/#website\"},\"datePublished\":\"2020-11-30T10:38:17+00:00\",\"dateModified\":\"2022-09-13T13:55:42+00:00\",\"description\":\"Ces gammes sont diffus\u00e9es aupr\u00e8s des th\u00e9rapeutes et magasins bio\/di\u00e9t\u00e9tiques. Si vous souhaitez rejoindre notre \u00e9quipe.\",\"breadcrumb\":{\"@id\":\"https:\/\/matrice-nature.com\/?page_id=12#breadcrumb\"},\"inLanguage\":\"fr-FR\",\"potentialAction\":[{\"@type\":\"ReadAction\",\"target\":[\"https:\/\/matrice-nature.com\/?page_id=12\"]}]},{\"@type\":\"BreadcrumbList\",\"@id\":\"https:\/\/matrice-nature.com\/?page_id=12#breadcrumb\",\"itemListElement\":[{\"@type\":\"ListItem\",\"position\":1,\"name\":\"Accueil\",\"item\":\"https:\/\/matrice-nature.com\/\"},{\"@type\":\"ListItem\",\"position\":2,\"name\":\"Devenez distributeur\"}]},{\"@type\":\"WebSite\",\"@id\":\"https:\/\/matrice-nature.com\/#website\",\"url\":\"https:\/\/matrice-nature.com\/\",\"name\":\"Matrice-Nature\",\"description\":\"\",\"publisher\":{\"@id\":\"https:\/\/matrice-nature.com\/#organization\"},\"potentialAction\":[{\"@type\":\"SearchAction\",\"target\":{\"@type\":\"EntryPoint\",\"urlTemplate\":\"https:\/\/matrice-nature.com\/?s={search_term_string}\"},\"query-input\":\"required name=search_term_string\"}],\"inLanguage\":\"fr-FR\"},{\"@type\":\"Organization\",\"@id\":\"https:\/\/matrice-nature.com\/#organization\",\"name\":\"Matrice-Nature\",\"url\":\"https:\/\/matrice-nature.com\/\",\"logo\":{\"@type\":\"ImageObject\",\"inLanguage\":\"fr-FR\",\"@id\":\"https:\/\/matrice-nature.com\/#\/schema\/logo\/image\/\",\"url\":\"https:\/\/i0.wp.com\/matrice-nature.com\/wp-content\/uploads\/2021\/01\/icone.png?fit=512%2C512&ssl=1\",\"contentUrl\":\"https:\/\/i0.wp.com\/matrice-nature.com\/wp-content\/uploads\/2021\/01\/icone.png?fit=512%2C512&ssl=1\",\"width\":512,\"height\":512,\"caption\":\"Matrice-Nature\"},\"image\":{\"@id\":\"https:\/\/matrice-nature.com\/#\/schema\/logo\/image\/\"}}]}<\/script>\n<!-- \/ Yoast SEO plugin. -->","yoast_head_json":{"title":"Devenez distributeur - Matrice-Nature","description":"Ces gammes sont diffus\u00e9es aupr\u00e8s des th\u00e9rapeutes et magasins bio\/di\u00e9t\u00e9tiques. Si vous souhaitez rejoindre notre \u00e9quipe.","robots":{"index":"index","follow":"follow","max-snippet":"max-snippet:-1","max-image-preview":"max-image-preview:large","max-video-preview":"max-video-preview:-1"},"canonical":"https:\/\/matrice-nature.com\/?page_id=12","og_locale":"fr_FR","og_type":"article","og_title":"Devenez distributeur - Matrice-Nature","og_description":"Ces gammes sont diffus\u00e9es aupr\u00e8s des th\u00e9rapeutes et magasins bio\/di\u00e9t\u00e9tiques. Si vous souhaitez rejoindre notre \u00e9quipe.","og_url":"https:\/\/matrice-nature.com\/?page_id=12","og_site_name":"Matrice-Nature","article_modified_time":"2022-09-13T13:55:42+00:00","og_image":[{"url":"https:\/\/matrice-nature.com\/wp-content\/uploads\/2021\/01\/alternative-medicine-herbal-organic-capsule-with-vitamin-e-omega-3-fish-oil1-1-1024x683.jpg"}],"twitter_card":"summary_large_image","twitter_misc":{"Dur\u00e9e de lecture estim\u00e9e":"1 minute"},"schema":{"@context":"https:\/\/schema.org","@graph":[{"@type":"WebPage","@id":"https:\/\/matrice-nature.com\/?page_id=12","url":"https:\/\/matrice-nature.com\/?page_id=12","name":"Devenez distributeur - Matrice-Nature","isPartOf":{"@id":"https:\/\/matrice-nature.com\/#website"},"datePublished":"2020-11-30T10:38:17+00:00","dateModified":"2022-09-13T13:55:42+00:00","description":"Ces gammes sont diffus\u00e9es aupr\u00e8s des th\u00e9rapeutes et magasins bio\/di\u00e9t\u00e9tiques. Si vous souhaitez rejoindre notre \u00e9quipe.","breadcrumb":{"@id":"https:\/\/matrice-nature.com\/?page_id=12#breadcrumb"},"inLanguage":"fr-FR","potentialAction":[{"@type":"ReadAction","target":["https:\/\/matrice-nature.com\/?page_id=12"]}]},{"@type":"BreadcrumbList","@id":"https:\/\/matrice-nature.com\/?page_id=12#breadcrumb","itemListElement":[{"@type":"ListItem","position":1,"name":"Accueil","item":"https:\/\/matrice-nature.com\/"},{"@type":"ListItem","position":2,"name":"Devenez distributeur"}]},{"@type":"WebSite","@id":"https:\/\/matrice-nature.com\/#website","url":"https:\/\/matrice-nature.com\/","name":"Matrice-Nature","description":"","publisher":{"@id":"https:\/\/matrice-nature.com\/#organization"},"potentialAction":[{"@type":"SearchAction","target":{"@type":"EntryPoint","urlTemplate":"https:\/\/matrice-nature.com\/?s={search_term_string}"},"query-input":"required name=search_term_string"}],"inLanguage":"fr-FR"},{"@type":"Organization","@id":"https:\/\/matrice-nature.com\/#organization","name":"Matrice-Nature","url":"https:\/\/matrice-nature.com\/","logo":{"@type":"ImageObject","inLanguage":"fr-FR","@id":"https:\/\/matrice-nature.com\/#\/schema\/logo\/image\/","url":"https:\/\/i0.wp.com\/matrice-nature.com\/wp-content\/uploads\/2021\/01\/icone.png?fit=512%2C512&ssl=1","contentUrl":"https:\/\/i0.wp.com\/matrice-nature.com\/wp-content\/uploads\/2021\/01\/icone.png?fit=512%2C512&ssl=1","width":512,"height":512,"caption":"Matrice-Nature"},"image":{"@id":"https:\/\/matrice-nature.com\/#\/schema\/logo\/image\/"}}]}},"_links":{"self":[{"href":"https:\/\/matrice-nature.com\/index.php?rest_route=\/wp\/v2\/pages\/12"}],"collection":[{"href":"https:\/\/matrice-nature.com\/index.php?rest_route=\/wp\/v2\/pages"}],"about":[{"href":"https:\/\/matrice-nature.com\/index.php?rest_route=\/wp\/v2\/types\/page"}],"author":[{"embeddable":true,"href":"https:\/\/matrice-nature.com\/index.php?rest_route=\/wp\/v2\/users\/1"}],"replies":[{"embeddable":true,"href":"https:\/\/matrice-nature.com\/index.php?rest_route=%2Fwp%2Fv2%2Fcomments&post=12"}],"version-history":[{"count":13,"href":"https:\/\/matrice-nature.com\/index.php?rest_route=\/wp\/v2\/pages\/12\/revisions"}],"predecessor-version":[{"id":1474,"href":"https:\/\/matrice-nature.com\/index.php?rest_route=\/wp\/v2\/pages\/12\/revisions\/1474"}],"wp:attachment":[{"href":"https:\/\/matrice-nature.com\/index.php?rest_route=%2Fwp%2Fv2%2Fmedia&parent=12"}],"curies":[{"name":"wp","href":"https:\/\/api.w.org\/{rel}","templated":true}]}}